{"id":19,"date":"2025-05-11T22:05:06","date_gmt":"2025-05-11T22:05:06","guid":{"rendered":"https:\/\/cubicanet.cl\/?page_id=19"},"modified":"2025-05-12T02:37:10","modified_gmt":"2025-05-12T02:37:10","slug":"servicios","status":"publish","type":"page","link":"https:\/\/cubicanet.cl\/?page_id=19","title":{"rendered":"Servicios"},"content":{"rendered":"\n<div class=\"wp-block-columns is-layout-flex wp-container-core-columns-is-layout-9d6595d7 wp-block-columns-is-layout-flex\">\n<div class=\"wp-block-column is-layout-flow wp-block-column-is-layout-flow\" style=\"flex-basis:33.33%\">\n<figure class=\"wp-block-image size-full\"><img loading=\"lazy\" decoding=\"async\" width=\"355\" height=\"410\" src=\"https:\/\/cubicanet.cl\/wp-content\/uploads\/2025\/05\/serv2.jpg\" alt=\"\" class=\"wp-image-77\" srcset=\"https:\/\/cubicanet.cl\/wp-content\/uploads\/2025\/05\/serv2.jpg 355w, https:\/\/cubicanet.cl\/wp-content\/uploads\/2025\/05\/serv2-260x300.jpg 260w\" sizes=\"auto, (max-width: 355px) 100vw, 355px\" \/><\/figure>\n<\/div>\n\n\n\n<div class=\"wp-block-column is-layout-flow wp-block-column-is-layout-flow\" style=\"flex-basis:66.66%\">\n<p><strong>Estudio de Obra Gruesa (Cubicaciones):<\/strong> &nbsp;<\/p>\n\n\n\n<p>Ofrecemos servicios de cubicaci\u00f3n de obra gruesa utilizando m\u00e9todos precisos y avanzados. Realizamos mediciones detalladas de enfierradura, hormig\u00f3n y moldaje para proporcionar estimaciones precisas de material y costos.<\/p>\n\n\n\n<ul class=\"wp-block-list\">\n<li>Precisi\u00f3n en las estimaciones de material y costos, evitando excesos o escasez de suministros.<\/li>\n\n\n\n<li>Optimizaci\u00f3n del presupuesto al identificar oportunidades de ahorro y evitar gastos innecesarios.<\/li>\n\n\n\n<li>Planificaci\u00f3n eficiente del proyecto gracias a la informaci\u00f3n detallada proporcionada por nuestras cubicaciones.<\/li>\n\n\n\n<li>Capacidad para identificar e informar al cliente sobre incongruencias o errores en planos de c\u00e1lculo, garantizando la integridad del proyecto.<\/li>\n<\/ul>\n<\/div>\n<\/div>\n\n\n\n<div style=\"height:20px\" aria-hidden=\"true\" class=\"wp-block-spacer\"><\/div>\n\n\n\n<div class=\"wp-block-columns is-layout-flex wp-container-core-columns-is-layout-9d6595d7 wp-block-columns-is-layout-flex\">\n<div class=\"wp-block-column is-layout-flow wp-block-column-is-layout-flow\" style=\"flex-basis:33.33%\">\n<figure class=\"wp-block-image size-full\"><img loading=\"lazy\" decoding=\"async\" width=\"355\" height=\"350\" src=\"https:\/\/cubicanet.cl\/wp-content\/uploads\/2025\/05\/serv4.jpg\" alt=\"\" class=\"wp-image-86\" srcset=\"https:\/\/cubicanet.cl\/wp-content\/uploads\/2025\/05\/serv4.jpg 355w, https:\/\/cubicanet.cl\/wp-content\/uploads\/2025\/05\/serv4-300x296.jpg 300w\" sizes=\"auto, (max-width: 355px) 100vw, 355px\" \/><\/figure>\n<\/div>\n\n\n\n<div class=\"wp-block-column is-layout-flow wp-block-column-is-layout-flow\" style=\"flex-basis:66.66%\">\n<p><strong>Instalaci\u00f3n:<\/strong><\/p>\n\n\n\n<p>Nuestro equipo altamente capacitado se encarga de la instalaci\u00f3n de enfierradura y moldaje. Garantizamos una instalaci\u00f3n precisa y de alta calidad.<\/p>\n\n\n\n<ul class=\"wp-block-list\">\n<li>Profesionales expertos que garantizan una instalaci\u00f3n segura.<\/li>\n\n\n\n<li>Cumplimiento con los plazos de entrega gracias a nuestra eficiencia y experiencia en instalaciones.<\/li>\n\n\n\n<li>Reducci\u00f3n de riesgos de seguridad y errores durante la instalaci\u00f3n debido a nuestro enfoque meticuloso y atenci\u00f3n al detalle.<\/li>\n<\/ul>\n<\/div>\n<\/div>\n\n\n\n<div style=\"height:22px\" aria-hidden=\"true\" class=\"wp-block-spacer\"><\/div>\n\n\n\n<div class=\"wp-block-columns is-layout-flex wp-container-core-columns-is-layout-9d6595d7 wp-block-columns-is-layout-flex\">\n<div class=\"wp-block-column is-layout-flow wp-block-column-is-layout-flow\" style=\"flex-basis:33.33%\">\n<figure class=\"wp-block-image size-full\"><img loading=\"lazy\" decoding=\"async\" width=\"355\" height=\"350\" src=\"https:\/\/cubicanet.cl\/wp-content\/uploads\/2025\/05\/serv5.jpg\" alt=\"\" class=\"wp-image-88\" srcset=\"https:\/\/cubicanet.cl\/wp-content\/uploads\/2025\/05\/serv5.jpg 355w, https:\/\/cubicanet.cl\/wp-content\/uploads\/2025\/05\/serv5-300x296.jpg 300w\" sizes=\"auto, (max-width: 355px) 100vw, 355px\" \/><\/figure>\n<\/div>\n\n\n\n<div class=\"wp-block-column is-layout-flow wp-block-column-is-layout-flow\" style=\"flex-basis:66.66%\">\n<p><strong>Remodelaciones:<\/strong><\/p>\n\n\n\n<p>Realizamos remodelaciones r\u00e1pidas y eficientes para transformar y mejorar espacios existentes. Desde peque\u00f1as renovaciones hasta remodelaciones completas, nuestro equipo se encarga de cada etapa del proceso para garantizar resultados satisfactorios.<\/p>\n\n\n\n<ul class=\"wp-block-list\">\n<li>Mejora de la funcionalidad y est\u00e9tica de los espacios existentes sin la necesidad de una nueva construcci\u00f3n.<\/li>\n\n\n\n<li>Minimizaci\u00f3n de las molestias y tiempos de inactividad gracias a nuestra eficiencia en el proceso de remodelaci\u00f3n.<\/li>\n\n\n\n<li>Personalizaci\u00f3n de los espacios seg\u00fan las necesidades y preferencias del cliente, ofreciendo soluciones a medida para cada proyecto.<\/li>\n<\/ul>\n<\/div>\n<\/div>\n","protected":false},"excerpt":{"rendered":"<p>Estudio de Obra Gruesa (Cubicaciones): &nbsp; Ofrecemos servicios de cubicaci\u00f3n de obra gruesa utilizando m\u00e9todos precisos y avanzados. Realizamos mediciones detalladas de enfierradura, hormig\u00f3n y moldaje para proporcionar estimaciones precisas de material y costos. Instalaci\u00f3n: Nuestro equipo altamente capacitado se encarga de la instalaci\u00f3n de enfierradura y moldaje. Garantizamos una instalaci\u00f3n precisa y de alta [&hellip;]<\/p>\n","protected":false},"author":1,"featured_media":0,"parent":0,"menu_order":0,"comment_status":"closed","ping_status":"closed","template":"","meta":{"footnotes":""},"class_list":["post-19","page","type-page","status-publish","hentry"],"_links":{"self":[{"href":"https:\/\/cubicanet.cl\/index.php?rest_route=\/wp\/v2\/pages\/19","targetHints":{"allow":["GET"]}}],"collection":[{"href":"https:\/\/cubicanet.cl\/index.php?rest_route=\/wp\/v2\/pages"}],"about":[{"href":"https:\/\/cubicanet.cl\/index.php?rest_route=\/wp\/v2\/types\/page"}],"author":[{"embeddable":true,"href":"https:\/\/cubicanet.cl\/index.php?rest_route=\/wp\/v2\/users\/1"}],"replies":[{"embeddable":true,"href":"https:\/\/cubicanet.cl\/index.php?rest_route=%2Fwp%2Fv2%2Fcomments&post=19"}],"version-history":[{"count":8,"href":"https:\/\/cubicanet.cl\/index.php?rest_route=\/wp\/v2\/pages\/19\/revisions"}],"predecessor-version":[{"id":90,"href":"https:\/\/cubicanet.cl\/index.php?rest_route=\/wp\/v2\/pages\/19\/revisions\/90"}],"wp:attachment":[{"href":"https:\/\/cubicanet.cl\/index.php?rest_route=%2Fwp%2Fv2%2Fmedia&parent=19"}],"curies":[{"name":"wp","href":"https:\/\/api.w.org\/{rel}","templated":true}]}}