{"id":17,"date":"2025-05-11T22:02:08","date_gmt":"2025-05-11T22:02:08","guid":{"rendered":"https:\/\/cubicanet.cl\/?page_id=17"},"modified":"2025-05-12T02:32:29","modified_gmt":"2025-05-12T02:32:29","slug":"quienes-somos","status":"publish","type":"page","link":"https:\/\/cubicanet.cl\/?page_id=17","title":{"rendered":"Qui\u00e9nes Somos"},"content":{"rendered":"<div class=\"wp-block-image\">\n<figure class=\"alignright size-full\"><img loading=\"lazy\" decoding=\"async\" width=\"230\" height=\"180\" src=\"https:\/\/cubicanet.cl\/wp-content\/uploads\/2025\/05\/qsomos.png\" alt=\"\" class=\"wp-image-84\"\/><\/figure>\n<\/div>\n\n\n<p>Fundada en 2014, CUBICANET es una empresa especializada en la cubicaci\u00f3n de obra gruesa, enfoc\u00e1ndonos principalmente en <strong>enfierradura<\/strong>, <strong>hormig\u00f3n<\/strong> y <strong>moldaje<\/strong>. A lo largo de los a\u00f1os, hemos establecido una s\u00f3lida reputaci\u00f3n por nuestra precisi\u00f3n, profesionalismo y compromiso con la excelencia. Adem\u00e1s de nuestra especializaci\u00f3n en <strong>cubicaciones<\/strong>, hemos expandido nuestros servicios a la <strong>instalaci\u00f3n<\/strong> de enfierradura y moldaje, as\u00ed como a la realizaci\u00f3n de <strong>remodelaciones<\/strong> r\u00e1pidas y eficientes. Nuestro equipo est\u00e1 compuesto por profesionales altamente capacitados y con una vasta experiencia en el sector de la construcci\u00f3n. Nos enorgullece ofrecer soluciones innovadoras y personalizadas a nuestros clientes, garantizando siempre la m\u00e1xima calidad en cada proyecto. En <strong>CUBICANET<\/strong>, la <strong>satisfacci\u00f3n del cliente<\/strong> es nuestra prioridad, y trabajamos incansablemente para superar sus expectativas en cada etapa del proceso.<\/p>\n\n\n\n<p><strong>Visi\u00f3n<\/strong><\/p>\n\n\n\n<p>Ser reconocidos como l\u00edderes en la industria de la construcci\u00f3n, destac\u00e1ndonos por nuestra <strong>innovaci\u00f3n<\/strong> y capacidad para mantenernos a la vanguardia en el uso de <strong>materiales<\/strong> y <strong>t\u00e9cnicas avanzadas<\/strong>. Aspiramos a <strong>transformar<\/strong> la manera en que se realizan las obras, implementando soluciones <strong>sostenibles<\/strong> y <strong>eficientes<\/strong> que contribuyan al desarrollo del sector.<\/p>\n\n\n\n<p><strong>Misi\u00f3n<\/strong><\/p>\n\n\n\n<p>Nuestro compromiso es dejar a cada cliente completamente satisfecho, brindando servicios de <strong>alta calidad<\/strong> y atenci\u00f3n personalizada en cada proyecto. En <strong>CUBICANET<\/strong>, creemos que la clave de nuestro \u00e9xito radica en la relaci\u00f3n de <strong>confianza<\/strong> que construimos con nuestros clientes. Por ello, nos esforzamos para que cada cliente regrese, motivado por la excelencia de nuestros servicios y la calidad que siempre nos distingue. Nuestro sello es la <strong>dedicaci\u00f3n<\/strong>, el <strong>profesionalismo<\/strong> y la <strong>pasi\u00f3n<\/strong> por lo que hacemos.<\/p>\n","protected":false},"excerpt":{"rendered":"<p>Fundada en 2014, CUBICANET es una empresa especializada en la cubicaci\u00f3n de obra gruesa, enfoc\u00e1ndonos principalmente en enfierradura, hormig\u00f3n y moldaje. A lo largo de los a\u00f1os, hemos establecido una s\u00f3lida reputaci\u00f3n por nuestra precisi\u00f3n, profesionalismo y compromiso con la excelencia. Adem\u00e1s de nuestra especializaci\u00f3n en cubicaciones, hemos expandido nuestros servicios a la instalaci\u00f3n de [&hellip;]<\/p>\n","protected":false},"author":1,"featured_media":0,"parent":0,"menu_order":0,"comment_status":"closed","ping_status":"closed","template":"","meta":{"footnotes":""},"class_list":["post-17","page","type-page","status-publish","hentry"],"_links":{"self":[{"href":"https:\/\/cubicanet.cl\/index.php?rest_route=\/wp\/v2\/pages\/17","targetHints":{"allow":["GET"]}}],"collection":[{"href":"https:\/\/cubicanet.cl\/index.php?rest_route=\/wp\/v2\/pages"}],"about":[{"href":"https:\/\/cubicanet.cl\/index.php?rest_route=\/wp\/v2\/types\/page"}],"author":[{"embeddable":true,"href":"https:\/\/cubicanet.cl\/index.php?rest_route=\/wp\/v2\/users\/1"}],"replies":[{"embeddable":true,"href":"https:\/\/cubicanet.cl\/index.php?rest_route=%2Fwp%2Fv2%2Fcomments&post=17"}],"version-history":[{"count":3,"href":"https:\/\/cubicanet.cl\/index.php?rest_route=\/wp\/v2\/pages\/17\/revisions"}],"predecessor-version":[{"id":85,"href":"https:\/\/cubicanet.cl\/index.php?rest_route=\/wp\/v2\/pages\/17\/revisions\/85"}],"wp:attachment":[{"href":"https:\/\/cubicanet.cl\/index.php?rest_route=%2Fwp%2Fv2%2Fmedia&parent=17"}],"curies":[{"name":"wp","href":"https:\/\/api.w.org\/{rel}","templated":true}]}}